{"id":1255,"date":"2024-03-24T15:19:26","date_gmt":"2024-03-24T14:19:26","guid":{"rendered":"https:\/\/vincentpuren.fr\/?post_type=product&#038;p=1255"},"modified":"2025-03-25T18:21:07","modified_gmt":"2025-03-25T17:21:07","slug":"deambuler","status":"publish","type":"product","link":"https:\/\/vincentpuren.fr\/index.php\/produit\/deambuler\/","title":{"rendered":"D\u00e9ambuler &#8211; \u00c9PUIS\u00c9 &#8211; SOLD OUT"},"content":{"rendered":"<p><img fetchpriority=\"high\" decoding=\"async\" data-attachment-id=\"1258\" data-permalink=\"https:\/\/vincentpuren.fr\/?attachment_id=1258\" data-orig-file=\"https:\/\/vincentpuren.fr\/wp-content\/uploads\/2024\/03\/IMG_7130.jpg\" data-orig-size=\"1849,2465\" data-comments-opened=\"0\" data-image-meta=\"{&quot;aperture&quot;:&quot;1.6&quot;,&quot;credit&quot;:&quot;&quot;,&quot;camera&quot;:&quot;iPhone 13&quot;,&quot;caption&quot;:&quot;&quot;,&quot;created_timestamp&quot;:&quot;1704907916&quot;,&quot;copyright&quot;:&quot;&quot;,&quot;focal_length&quot;:&quot;5.1&quot;,&quot;iso&quot;:&quot;125&quot;,&quot;shutter_speed&quot;:&quot;0.01&quot;,&quot;title&quot;:&quot;&quot;,&quot;orientation&quot;:&quot;1&quot;}\" data-image-title=\"IMG_7130\" data-image-description=\"\" data-image-caption=\"\" data-large-file=\"https:\/\/vincentpuren.fr\/wp-content\/uploads\/2024\/03\/IMG_7130-768x1024.jpg\" class=\"alignnone size-medium wp-image-1258\" src=\"https:\/\/vincentpuren.fr\/wp-content\/uploads\/2024\/03\/IMG_7130-225x300.jpg\" alt=\"\" width=\"225\" height=\"300\" srcset=\"https:\/\/vincentpuren.fr\/wp-content\/uploads\/2024\/03\/IMG_7130-225x300.jpg 225w, https:\/\/vincentpuren.fr\/wp-content\/uploads\/2024\/03\/IMG_7130-768x1024.jpg 768w, https:\/\/vincentpuren.fr\/wp-content\/uploads\/2024\/03\/IMG_7130-1152x1536.jpg 1152w, https:\/\/vincentpuren.fr\/wp-content\/uploads\/2024\/03\/IMG_7130-1536x2048.jpg 1536w, https:\/\/vincentpuren.fr\/wp-content\/uploads\/2024\/03\/IMG_7130-900x1200.jpg 900w, https:\/\/vincentpuren.fr\/wp-content\/uploads\/2024\/03\/IMG_7130-1000x1333.jpg 1000w, https:\/\/vincentpuren.fr\/wp-content\/uploads\/2024\/03\/IMG_7130-450x600.jpg 450w, https:\/\/vincentpuren.fr\/wp-content\/uploads\/2024\/03\/IMG_7130-840x1120.jpg 840w, https:\/\/vincentpuren.fr\/wp-content\/uploads\/2024\/03\/IMG_7130-540x720.jpg 540w, https:\/\/vincentpuren.fr\/wp-content\/uploads\/2024\/03\/IMG_7130-600x800.jpg 600w, https:\/\/vincentpuren.fr\/wp-content\/uploads\/2024\/03\/IMG_7130.jpg 1849w\" sizes=\"(max-width: 225px) 100vw, 225px\" \/> \u00a0<img decoding=\"async\" data-attachment-id=\"1259\" data-permalink=\"https:\/\/vincentpuren.fr\/?attachment_id=1259\" data-orig-file=\"https:\/\/vincentpuren.fr\/wp-content\/uploads\/2024\/03\/IMG_7131.jpg\" data-orig-size=\"1778,2370\" data-comments-opened=\"0\" data-image-meta=\"{&quot;aperture&quot;:&quot;1.6&quot;,&quot;credit&quot;:&quot;&quot;,&quot;camera&quot;:&quot;iPhone 13&quot;,&quot;caption&quot;:&quot;&quot;,&quot;created_timestamp&quot;:&quot;1704907925&quot;,&quot;copyright&quot;:&quot;&quot;,&quot;focal_length&quot;:&quot;5.1&quot;,&quot;iso&quot;:&quot;64&quot;,&quot;shutter_speed&quot;:&quot;0.02&quot;,&quot;title&quot;:&quot;&quot;,&quot;orientation&quot;:&quot;1&quot;}\" data-image-title=\"IMG_7131\" data-image-description=\"\" data-image-caption=\"\" data-large-file=\"https:\/\/vincentpuren.fr\/wp-content\/uploads\/2024\/03\/IMG_7131-768x1024.jpg\" class=\"alignnone size-medium wp-image-1259\" src=\"https:\/\/vincentpuren.fr\/wp-content\/uploads\/2024\/03\/IMG_7131-225x300.jpg\" alt=\"\" width=\"225\" height=\"300\" srcset=\"https:\/\/vincentpuren.fr\/wp-content\/uploads\/2024\/03\/IMG_7131-225x300.jpg 225w, https:\/\/vincentpuren.fr\/wp-content\/uploads\/2024\/03\/IMG_7131-768x1024.jpg 768w, https:\/\/vincentpuren.fr\/wp-content\/uploads\/2024\/03\/IMG_7131-1152x1536.jpg 1152w, https:\/\/vincentpuren.fr\/wp-content\/uploads\/2024\/03\/IMG_7131-1536x2048.jpg 1536w, https:\/\/vincentpuren.fr\/wp-content\/uploads\/2024\/03\/IMG_7131-900x1200.jpg 900w, https:\/\/vincentpuren.fr\/wp-content\/uploads\/2024\/03\/IMG_7131-1000x1333.jpg 1000w, https:\/\/vincentpuren.fr\/wp-content\/uploads\/2024\/03\/IMG_7131-450x600.jpg 450w, https:\/\/vincentpuren.fr\/wp-content\/uploads\/2024\/03\/IMG_7131-840x1120.jpg 840w, https:\/\/vincentpuren.fr\/wp-content\/uploads\/2024\/03\/IMG_7131-540x720.jpg 540w, https:\/\/vincentpuren.fr\/wp-content\/uploads\/2024\/03\/IMG_7131-600x800.jpg 600w, https:\/\/vincentpuren.fr\/wp-content\/uploads\/2024\/03\/IMG_7131.jpg 1778w\" sizes=\"(max-width: 225px) 100vw, 225px\" \/><\/p>\n<p>D\u00e9ambuler<br \/>\nLivret illustr\u00e9 de 16 pages &#8211; num\u00e9rot\u00e9 et sign\u00e9 &#8211; 50 exemplaires &#8211; sur papier recycl\u00e9 220g.<\/p>\n<p><img decoding=\"async\" data-attachment-id=\"1261\" data-permalink=\"https:\/\/vincentpuren.fr\/?attachment_id=1261\" data-orig-file=\"https:\/\/vincentpuren.fr\/wp-content\/uploads\/2024\/03\/camtemp-5.jpg\" data-orig-size=\"1600,1165\" data-comments-opened=\"0\" data-image-meta=\"{&quot;aperture&quot;:&quot;0&quot;,&quot;credit&quot;:&quot;&quot;,&quot;camera&quot;:&quot;&quot;,&quot;caption&quot;:&quot;&quot;,&quot;created_timestamp&quot;:&quot;0&quot;,&quot;copyright&quot;:&quot;&quot;,&quot;focal_length&quot;:&quot;0&quot;,&quot;iso&quot;:&quot;0&quot;,&quot;shutter_speed&quot;:&quot;0&quot;,&quot;title&quot;:&quot;&quot;,&quot;orientation&quot;:&quot;0&quot;}\" data-image-title=\".camtemp 5\" data-image-description=\"\" data-image-caption=\"\" data-large-file=\"https:\/\/vincentpuren.fr\/wp-content\/uploads\/2024\/03\/camtemp-5-1024x746.jpg\" class=\"alignnone size-medium wp-image-1261\" src=\"https:\/\/vincentpuren.fr\/wp-content\/uploads\/2024\/03\/camtemp-5-300x218.jpg\" alt=\"\" width=\"300\" height=\"218\" srcset=\"https:\/\/vincentpuren.fr\/wp-content\/uploads\/2024\/03\/camtemp-5-300x218.jpg 300w, https:\/\/vincentpuren.fr\/wp-content\/uploads\/2024\/03\/camtemp-5-1024x746.jpg 1024w, https:\/\/vincentpuren.fr\/wp-content\/uploads\/2024\/03\/camtemp-5-768x559.jpg 768w, https:\/\/vincentpuren.fr\/wp-content\/uploads\/2024\/03\/camtemp-5-1536x1118.jpg 1536w, https:\/\/vincentpuren.fr\/wp-content\/uploads\/2024\/03\/camtemp-5-900x655.jpg 900w, https:\/\/vincentpuren.fr\/wp-content\/uploads\/2024\/03\/camtemp-5-1000x728.jpg 1000w, https:\/\/vincentpuren.fr\/wp-content\/uploads\/2024\/03\/camtemp-5-450x328.jpg 450w, https:\/\/vincentpuren.fr\/wp-content\/uploads\/2024\/03\/camtemp-5-840x612.jpg 840w, https:\/\/vincentpuren.fr\/wp-content\/uploads\/2024\/03\/camtemp-5-540x393.jpg 540w, https:\/\/vincentpuren.fr\/wp-content\/uploads\/2024\/03\/camtemp-5-600x437.jpg 600w, https:\/\/vincentpuren.fr\/wp-content\/uploads\/2024\/03\/camtemp-5.jpg 1600w\" sizes=\"(max-width: 300px) 100vw, 300px\" \/> <img loading=\"lazy\" decoding=\"async\" data-attachment-id=\"1262\" data-permalink=\"https:\/\/vincentpuren.fr\/?attachment_id=1262\" data-orig-file=\"https:\/\/vincentpuren.fr\/wp-content\/uploads\/2024\/03\/camtemp-6.jpg\" data-orig-size=\"1600,1165\" data-comments-opened=\"0\" data-image-meta=\"{&quot;aperture&quot;:&quot;0&quot;,&quot;credit&quot;:&quot;&quot;,&quot;camera&quot;:&quot;&quot;,&quot;caption&quot;:&quot;&quot;,&quot;created_timestamp&quot;:&quot;0&quot;,&quot;copyright&quot;:&quot;&quot;,&quot;focal_length&quot;:&quot;0&quot;,&quot;iso&quot;:&quot;0&quot;,&quot;shutter_speed&quot;:&quot;0&quot;,&quot;title&quot;:&quot;&quot;,&quot;orientation&quot;:&quot;0&quot;}\" data-image-title=\".camtemp 6\" data-image-description=\"\" data-image-caption=\"\" data-large-file=\"https:\/\/vincentpuren.fr\/wp-content\/uploads\/2024\/03\/camtemp-6-1024x746.jpg\" class=\"alignnone size-medium wp-image-1262\" src=\"https:\/\/vincentpuren.fr\/wp-content\/uploads\/2024\/03\/camtemp-6-300x218.jpg\" alt=\"\" width=\"300\" height=\"218\" srcset=\"https:\/\/vincentpuren.fr\/wp-content\/uploads\/2024\/03\/camtemp-6-300x218.jpg 300w, https:\/\/vincentpuren.fr\/wp-content\/uploads\/2024\/03\/camtemp-6-1024x746.jpg 1024w, https:\/\/vincentpuren.fr\/wp-content\/uploads\/2024\/03\/camtemp-6-768x559.jpg 768w, https:\/\/vincentpuren.fr\/wp-content\/uploads\/2024\/03\/camtemp-6-1536x1118.jpg 1536w, https:\/\/vincentpuren.fr\/wp-content\/uploads\/2024\/03\/camtemp-6-900x655.jpg 900w, https:\/\/vincentpuren.fr\/wp-content\/uploads\/2024\/03\/camtemp-6-1000x728.jpg 1000w, https:\/\/vincentpuren.fr\/wp-content\/uploads\/2024\/03\/camtemp-6-450x328.jpg 450w, https:\/\/vincentpuren.fr\/wp-content\/uploads\/2024\/03\/camtemp-6-840x612.jpg 840w, https:\/\/vincentpuren.fr\/wp-content\/uploads\/2024\/03\/camtemp-6-540x393.jpg 540w, https:\/\/vincentpuren.fr\/wp-content\/uploads\/2024\/03\/camtemp-6-600x437.jpg 600w, https:\/\/vincentpuren.fr\/wp-content\/uploads\/2024\/03\/camtemp-6.jpg 1600w\" sizes=\"(max-width: 300px) 100vw, 300px\" \/> <img loading=\"lazy\" decoding=\"async\" data-attachment-id=\"1263\" data-permalink=\"https:\/\/vincentpuren.fr\/?attachment_id=1263\" data-orig-file=\"https:\/\/vincentpuren.fr\/wp-content\/uploads\/2024\/03\/camtemp-7.jpg\" data-orig-size=\"1600,1165\" data-comments-opened=\"0\" data-image-meta=\"{&quot;aperture&quot;:&quot;0&quot;,&quot;credit&quot;:&quot;&quot;,&quot;camera&quot;:&quot;&quot;,&quot;caption&quot;:&quot;&quot;,&quot;created_timestamp&quot;:&quot;0&quot;,&quot;copyright&quot;:&quot;&quot;,&quot;focal_length&quot;:&quot;0&quot;,&quot;iso&quot;:&quot;0&quot;,&quot;shutter_speed&quot;:&quot;0&quot;,&quot;title&quot;:&quot;&quot;,&quot;orientation&quot;:&quot;0&quot;}\" data-image-title=\".camtemp 7\" data-image-description=\"\" data-image-caption=\"\" data-large-file=\"https:\/\/vincentpuren.fr\/wp-content\/uploads\/2024\/03\/camtemp-7-1024x746.jpg\" class=\"alignnone size-medium wp-image-1263\" src=\"https:\/\/vincentpuren.fr\/wp-content\/uploads\/2024\/03\/camtemp-7-300x218.jpg\" alt=\"\" width=\"300\" height=\"218\" srcset=\"https:\/\/vincentpuren.fr\/wp-content\/uploads\/2024\/03\/camtemp-7-300x218.jpg 300w, https:\/\/vincentpuren.fr\/wp-content\/uploads\/2024\/03\/camtemp-7-1024x746.jpg 1024w, https:\/\/vincentpuren.fr\/wp-content\/uploads\/2024\/03\/camtemp-7-768x559.jpg 768w, https:\/\/vincentpuren.fr\/wp-content\/uploads\/2024\/03\/camtemp-7-1536x1118.jpg 1536w, https:\/\/vincentpuren.fr\/wp-content\/uploads\/2024\/03\/camtemp-7-900x655.jpg 900w, https:\/\/vincentpuren.fr\/wp-content\/uploads\/2024\/03\/camtemp-7-1000x728.jpg 1000w, https:\/\/vincentpuren.fr\/wp-content\/uploads\/2024\/03\/camtemp-7-450x328.jpg 450w, https:\/\/vincentpuren.fr\/wp-content\/uploads\/2024\/03\/camtemp-7-840x612.jpg 840w, https:\/\/vincentpuren.fr\/wp-content\/uploads\/2024\/03\/camtemp-7-540x393.jpg 540w, https:\/\/vincentpuren.fr\/wp-content\/uploads\/2024\/03\/camtemp-7-600x437.jpg 600w, https:\/\/vincentpuren.fr\/wp-content\/uploads\/2024\/03\/camtemp-7.jpg 1600w\" sizes=\"(max-width: 300px) 100vw, 300px\" \/> <img loading=\"lazy\" decoding=\"async\" data-attachment-id=\"1264\" data-permalink=\"https:\/\/vincentpuren.fr\/?attachment_id=1264\" data-orig-file=\"https:\/\/vincentpuren.fr\/wp-content\/uploads\/2024\/03\/camtemp-8.jpg\" data-orig-size=\"1600,1165\" data-comments-opened=\"0\" data-image-meta=\"{&quot;aperture&quot;:&quot;0&quot;,&quot;credit&quot;:&quot;&quot;,&quot;camera&quot;:&quot;&quot;,&quot;caption&quot;:&quot;&quot;,&quot;created_timestamp&quot;:&quot;0&quot;,&quot;copyright&quot;:&quot;&quot;,&quot;focal_length&quot;:&quot;0&quot;,&quot;iso&quot;:&quot;0&quot;,&quot;shutter_speed&quot;:&quot;0&quot;,&quot;title&quot;:&quot;&quot;,&quot;orientation&quot;:&quot;0&quot;}\" data-image-title=\".camtemp 8\" data-image-description=\"\" data-image-caption=\"\" data-large-file=\"https:\/\/vincentpuren.fr\/wp-content\/uploads\/2024\/03\/camtemp-8-1024x746.jpg\" class=\"alignnone size-medium wp-image-1264\" src=\"https:\/\/vincentpuren.fr\/wp-content\/uploads\/2024\/03\/camtemp-8-300x218.jpg\" alt=\"\" width=\"300\" height=\"218\" srcset=\"https:\/\/vincentpuren.fr\/wp-content\/uploads\/2024\/03\/camtemp-8-300x218.jpg 300w, https:\/\/vincentpuren.fr\/wp-content\/uploads\/2024\/03\/camtemp-8-1024x746.jpg 1024w, https:\/\/vincentpuren.fr\/wp-content\/uploads\/2024\/03\/camtemp-8-768x559.jpg 768w, https:\/\/vincentpuren.fr\/wp-content\/uploads\/2024\/03\/camtemp-8-1536x1118.jpg 1536w, https:\/\/vincentpuren.fr\/wp-content\/uploads\/2024\/03\/camtemp-8-900x655.jpg 900w, https:\/\/vincentpuren.fr\/wp-content\/uploads\/2024\/03\/camtemp-8-1000x728.jpg 1000w, https:\/\/vincentpuren.fr\/wp-content\/uploads\/2024\/03\/camtemp-8-450x328.jpg 450w, https:\/\/vincentpuren.fr\/wp-content\/uploads\/2024\/03\/camtemp-8-840x612.jpg 840w, https:\/\/vincentpuren.fr\/wp-content\/uploads\/2024\/03\/camtemp-8-540x393.jpg 540w, https:\/\/vincentpuren.fr\/wp-content\/uploads\/2024\/03\/camtemp-8-600x437.jpg 600w, https:\/\/vincentpuren.fr\/wp-content\/uploads\/2024\/03\/camtemp-8.jpg 1600w\" sizes=\"(max-width: 300px) 100vw, 300px\" \/> <img loading=\"lazy\" decoding=\"async\" data-attachment-id=\"1265\" data-permalink=\"https:\/\/vincentpuren.fr\/?attachment_id=1265\" data-orig-file=\"https:\/\/vincentpuren.fr\/wp-content\/uploads\/2024\/03\/camtemp-9.jpg\" data-orig-size=\"1600,1165\" data-comments-opened=\"0\" data-image-meta=\"{&quot;aperture&quot;:&quot;0&quot;,&quot;credit&quot;:&quot;&quot;,&quot;camera&quot;:&quot;&quot;,&quot;caption&quot;:&quot;&quot;,&quot;created_timestamp&quot;:&quot;0&quot;,&quot;copyright&quot;:&quot;&quot;,&quot;focal_length&quot;:&quot;0&quot;,&quot;iso&quot;:&quot;0&quot;,&quot;shutter_speed&quot;:&quot;0&quot;,&quot;title&quot;:&quot;&quot;,&quot;orientation&quot;:&quot;0&quot;}\" data-image-title=\".camtemp 9\" data-image-description=\"\" data-image-caption=\"\" data-large-file=\"https:\/\/vincentpuren.fr\/wp-content\/uploads\/2024\/03\/camtemp-9-1024x746.jpg\" class=\"alignnone size-medium wp-image-1265\" src=\"https:\/\/vincentpuren.fr\/wp-content\/uploads\/2024\/03\/camtemp-9-300x218.jpg\" alt=\"\" width=\"300\" height=\"218\" srcset=\"https:\/\/vincentpuren.fr\/wp-content\/uploads\/2024\/03\/camtemp-9-300x218.jpg 300w, https:\/\/vincentpuren.fr\/wp-content\/uploads\/2024\/03\/camtemp-9-1024x746.jpg 1024w, https:\/\/vincentpuren.fr\/wp-content\/uploads\/2024\/03\/camtemp-9-768x559.jpg 768w, https:\/\/vincentpuren.fr\/wp-content\/uploads\/2024\/03\/camtemp-9-1536x1118.jpg 1536w, https:\/\/vincentpuren.fr\/wp-content\/uploads\/2024\/03\/camtemp-9-900x655.jpg 900w, https:\/\/vincentpuren.fr\/wp-content\/uploads\/2024\/03\/camtemp-9-1000x728.jpg 1000w, https:\/\/vincentpuren.fr\/wp-content\/uploads\/2024\/03\/camtemp-9-450x328.jpg 450w, https:\/\/vincentpuren.fr\/wp-content\/uploads\/2024\/03\/camtemp-9-840x612.jpg 840w, https:\/\/vincentpuren.fr\/wp-content\/uploads\/2024\/03\/camtemp-9-540x393.jpg 540w, https:\/\/vincentpuren.fr\/wp-content\/uploads\/2024\/03\/camtemp-9-600x437.jpg 600w, https:\/\/vincentpuren.fr\/wp-content\/uploads\/2024\/03\/camtemp-9.jpg 1600w\" sizes=\"(max-width: 300px) 100vw, 300px\" \/><\/p>\n<p>&nbsp;<\/p>\n","protected":false},"excerpt":{"rendered":"<p>D\u00e9ambuler<br \/>\nLivret 16 pages num\u00e9rot\u00e9 et sign\u00e9 &#8211; papier recycl\u00e9 220g<\/p>\n","protected":false},"featured_media":1258,"template":"","meta":[],"product_brand":[],"product_cat":[53],"product_tag":[],"class_list":{"0":"post-1255","1":"product","2":"type-product","3":"status-publish","4":"has-post-thumbnail","6":"product_cat-zines","8":"first","9":"outofstock","10":"shipping-taxable","11":"purchasable","12":"product-type-simple"},"jetpack_sharing_enabled":true,"_links":{"self":[{"href":"https:\/\/vincentpuren.fr\/index.php\/wp-json\/wp\/v2\/product\/1255","targetHints":{"allow":["GET"]}}],"collection":[{"href":"https:\/\/vincentpuren.fr\/index.php\/wp-json\/wp\/v2\/product"}],"about":[{"href":"https:\/\/vincentpuren.fr\/index.php\/wp-json\/wp\/v2\/types\/product"}],"wp:featuredmedia":[{"embeddable":true,"href":"https:\/\/vincentpuren.fr\/index.php\/wp-json\/wp\/v2\/media\/1258"}],"wp:attachment":[{"href":"https:\/\/vincentpuren.fr\/index.php\/wp-json\/wp\/v2\/media?parent=1255"}],"wp:term":[{"taxonomy":"product_brand","embeddable":true,"href":"https:\/\/vincentpuren.fr\/index.php\/wp-json\/wp\/v2\/product_brand?post=1255"},{"taxonomy":"product_cat","embeddable":true,"href":"https:\/\/vincentpuren.fr\/index.php\/wp-json\/wp\/v2\/product_cat?post=1255"},{"taxonomy":"product_tag","embeddable":true,"href":"https:\/\/vincentpuren.fr\/index.php\/wp-json\/wp\/v2\/product_tag?post=1255"}],"curies":[{"name":"wp","href":"https:\/\/api.w.org\/{rel}","templated":true}]}}